{"id":343,"date":"2014-12-25T09:32:13","date_gmt":"2014-12-25T08:32:13","guid":{"rendered":"http:\/\/lust-auf-wilde-kraeuter.de\/wordpress\/?page_id=343"},"modified":"2025-02-10T16:33:29","modified_gmt":"2025-02-10T15:33:29","slug":"home","status":"publish","type":"page","link":"https:\/\/lust-auf-wilde-kraeuter.de\/wordpress\/","title":{"rendered":"Home"},"content":{"rendered":"<div id=\"pl-343\"  class=\"panel-layout\" ><div id=\"pg-343-0\"  class=\"panel-grid panel-no-style\" ><div id=\"pgc-343-0-0\"  class=\"panel-grid-cell\" ><div id=\"panel-343-0-0-0\" class=\"so-panel widget widget_media_image panel-first-child panel-last-child\" data-index=\"0\" ><h3 class=\"widget-title\">Lust auf wilde Kr\u00e4uter<\/h3><a href=\"http:\/\/lust-auf-wilde-kraeuter.de\/wordpress\/wp-content\/uploads\/2023\/06\/Kneipp_Neues-Logo-2023-1-scaled.jpg\"><img loading=\"lazy\" decoding=\"async\" class=\"image \" src=\"http:\/\/lust-auf-wilde-kraeuter.de\/wordpress\/wp-content\/uploads\/2021\/06\/Kneipp-Logo-HP-300x117.jpg\" alt=\"\" width=\"200\" height=\"78\" \/><\/a><\/div><\/div><\/div><div id=\"pg-343-1\"  class=\"panel-grid panel-no-style\" ><div id=\"pgc-343-1-0\"  class=\"panel-grid-cell\" ><div id=\"panel-343-1-0-0\" class=\"so-panel widget widget_text panel-first-child\" data-index=\"1\" >\t\t\t<div class=\"textwidget\"><p><a href=\"http:\/\/lust-auf-wilde-kraeuter.de\/wordpress\/wp-content\/uploads\/2023\/06\/Kneipp_Neues-Logo-2023-1-scaled.jpg\"><img loading=\"lazy\" decoding=\"async\" class=\"alignnone wp-image-1624\" src=\"http:\/\/lust-auf-wilde-kraeuter.de\/wordpress\/wp-content\/uploads\/2023\/06\/Kneipp_Neues-Logo-2023-1-300x175.jpg\" alt=\"\" width=\"165\" height=\"96\" srcset=\"https:\/\/lust-auf-wilde-kraeuter.de\/wordpress\/wp-content\/uploads\/2023\/06\/Kneipp_Neues-Logo-2023-1-300x175.jpg 300w, https:\/\/lust-auf-wilde-kraeuter.de\/wordpress\/wp-content\/uploads\/2023\/06\/Kneipp_Neues-Logo-2023-1-1024x598.jpg 1024w, https:\/\/lust-auf-wilde-kraeuter.de\/wordpress\/wp-content\/uploads\/2023\/06\/Kneipp_Neues-Logo-2023-1-768x449.jpg 768w, https:\/\/lust-auf-wilde-kraeuter.de\/wordpress\/wp-content\/uploads\/2023\/06\/Kneipp_Neues-Logo-2023-1-1536x897.jpg 1536w, https:\/\/lust-auf-wilde-kraeuter.de\/wordpress\/wp-content\/uploads\/2023\/06\/Kneipp_Neues-Logo-2023-1-2048x1196.jpg 2048w\" sizes=\"auto, (max-width: 165px) 100vw, 165px\" \/><\/a><\/p>\n<p>\u00dcber das Un-Kraut im Garten und die Neugier, was das wohl ist, machte ich eine Fortbildung zur Kr\u00e4uterp\u00e4dagogin. Einige Fortbildungen sp\u00e4ter&#8230;.zu Heilpflanzen (Heilpflanzenschule Calendula) und Pilzcoach (DGfM), Kursleiterfortbildung f\u00fcr Heilpflanzen an der Sebastian-Kneipp-Akademie und Bildungsreferentin f\u00fcr nachhaltige Entwicklung (BNE-ecotransfer, M\u00fcnster), Kursleitung Waldbaden (Akademie f. Sinnhaftigkeit) teile ich gerne mein Wissen und biete<\/p>\n<p>Seminare und Fortbildungen f\u00fcr das Sportbildungswerk\/Kneipp-Akademie &#8222;Kneipp Gesundheit f\u00fcr Kinder&#8220;<\/p>\n<p>Natur-, Kreativ- und Umwelterlebnisse<\/p>\n<p>&#8211; Wild-und Heilpflanzenworkshops<br \/>\n&#8211; Naturkosmetik selberr\u00fchren<br \/>\n&#8211; traditionelles Seifensieden<br \/>\n&#8211; Betonworkshop &#8211; Dekoratives f\u00fcr Haus und Garten<br \/>\n&#8211; Entdecke die Farbenvielfalt der Natur &#8211; Wolle und Stoffe f\u00e4rben<br \/>\n&#8211; Wunderwelt der Pilze<\/p>\n<p>F\u00fcr Kinder und Familien:<br \/>\n&#8211; Naturerlebnisse f\u00fcr Grundschule, OGS, Kinderg\u00e4rten, weiterf\u00fchrende Schulen oder Kindergeburtstag:<\/p>\n<p>&#8211; G\u00e4rtnern in der Kiste<br \/>\n&#8211; Wald-und Wiesenf\u00fchrerschein<br \/>\n&#8211; Seifenwerkstatt &#8211; bunt und sprudelig<br \/>\n&#8211; Entdecke die Farbenvielfalt der Natur &#8211; von Bl\u00fctendruck bis Strassenmalkreide<br \/>\n&#8211; Wunderwelt der Pilze<\/p>\n<p>&#8211; Waldbaden mit Kind<\/p>\n<p>Einfach mal st\u00f6bern &#8211; Willkommen im Kr\u00e4uterreich<\/p>\n<p>Dagmar Peters-Groth<\/p>\n<\/div>\n\t\t<\/div><\/div><div id=\"pgc-343-1-1\"  class=\"panel-grid-cell\" ><div id=\"panel-343-1-1-0\" class=\"so-panel widget panel-first-child panel-last-child\" data-index=\"3\" ><\/div><\/div><\/div><\/div>","protected":false},"excerpt":{"rendered":"<p>\u00dcber das Un-Kraut im Garten und die Neugier, was das wohl ist, machte ich eine Fortbildung zur Kr\u00e4uterp\u00e4dagogin. Einige Fortbildungen sp\u00e4ter&#8230;.zu Heilpflanzen (Heilpflanzenschule Calendula) und Pilzcoach (DGfM), Kursleiterfortbildung f\u00fcr Heilpflanzen an der Sebastian-Kneipp-Akademie und Bildungsreferentin f\u00fcr nachhaltige Entwicklung (BNE-ecotransfer, M\u00fcnster), Kursleitung Waldbaden (Akademie f. Sinnhaftigkeit) teile ich gerne mein Wissen und biete Seminare und Fortbildungen [&hellip;]<\/p>\n","protected":false},"author":1,"featured_media":0,"parent":0,"menu_order":0,"comment_status":"closed","ping_status":"closed","template":"home-panels.php","meta":{"footnotes":""},"class_list":["post-343","page","type-page","status-publish","hentry","post"],"_links":{"self":[{"href":"https:\/\/lust-auf-wilde-kraeuter.de\/wordpress\/wp-json\/wp\/v2\/pages\/343","targetHints":{"allow":["GET"]}}],"collection":[{"href":"https:\/\/lust-auf-wilde-kraeuter.de\/wordpress\/wp-json\/wp\/v2\/pages"}],"about":[{"href":"https:\/\/lust-auf-wilde-kraeuter.de\/wordpress\/wp-json\/wp\/v2\/types\/page"}],"author":[{"embeddable":true,"href":"https:\/\/lust-auf-wilde-kraeuter.de\/wordpress\/wp-json\/wp\/v2\/users\/1"}],"replies":[{"embeddable":true,"href":"https:\/\/lust-auf-wilde-kraeuter.de\/wordpress\/wp-json\/wp\/v2\/comments?post=343"}],"version-history":[{"count":43,"href":"https:\/\/lust-auf-wilde-kraeuter.de\/wordpress\/wp-json\/wp\/v2\/pages\/343\/revisions"}],"predecessor-version":[{"id":1519,"href":"https:\/\/lust-auf-wilde-kraeuter.de\/wordpress\/wp-json\/wp\/v2\/pages\/343\/revisions\/1519"}],"wp:attachment":[{"href":"https:\/\/lust-auf-wilde-kraeuter.de\/wordpress\/wp-json\/wp\/v2\/media?parent=343"}],"curies":[{"name":"wp","href":"https:\/\/api.w.org\/{rel}","templated":true}]}}